
{"id":7266,"date":"2016-03-16T09:37:05","date_gmt":"2016-03-16T09:37:05","guid":{"rendered":"http:\/\/www.uraniaaste.com\/fr\/?page_id=7266"},"modified":"2026-01-21T09:36:22","modified_gmt":"2026-01-21T08:36:22","slug":"home-0-2","status":"publish","type":"page","link":"https:\/\/www.uraniaaste.com\/fr\/","title":{"rendered":"Main Home"},"content":{"rendered":"<p>[vc_row content_width=&#8221;grid&#8221;][vc_column][vc_empty_space height=&#8221;55px&#8221;]<div class=\"edgtf-st-holder edgtf-st-title-position-center\" style=\"margin-bottom: 15px\">\r\n\t\t\t<div class=\"edgtf-st-left-separator\">\r\n\t\t\t<span ><\/span>\r\n\t\t<\/div>\r\n\t\t<h2 class=\"edgtf-st-title\" >\r\n\t\t\t<span>Sp\u00e9cialis\u00e9 en planches originaux de bandes dessin\u00e9es et illustrations<\/span>\r\n\t\t<\/h2>\r\n\t\t<div class=\"edgtf-st-right-separator\">\r\n\t\t\t<span ><\/span>\r\n\t\t<\/div>\r\n\t<\/div>[vc_column_text el_class=&#8221;main-paragraph&#8221;]<\/p>\n<p style=\"text-align: center;\">Urania &amp; Finarte est en train de recueillir oeuvres pour la prochaine vente<br \/>\nde printemps pr\u00e9vue pour Mai 2026<\/p>\n<p>[\/vc_column_text][vc_empty_space height=&#8221;55px&#8221;][\/vc_column][\/vc_row][vc_row content_width=&#8221;grid&#8221;][vc_column width=&#8221;2\/3&#8243;][vc_text_separator title=&#8221;VENTE DE PRINTEMPS&#8221;][vc_empty_space height=&#8221;15px&#8221;][vc_column_text]<span data-reactid=\".29x.$mid=11418155900413=2673dfbada785528287.2:0.0.0.0.0.0.$text0:0:$0:0\">La vente aux ench\u00e8res sera un grand \u00e9v\u00e9nement d\u00e9di\u00e9 \u00e0 tous les fans de la BD,\u00a0sera mis en vente les plus importants dessin originaux et illustrations\u00a0des grands maitres de la Bande Dessin\u00e9e.<\/span><\/p>\n<p>En particulier, nous recherchons des \u0153uvres de ma\u00eetres italiens et europ\u00e9ens, des illustrations de &#8216;900, \u0153uvres originales pour des affiches de films et des planches am\u00e9ricaines telles que des super-h\u00e9ros et des strip.<\/p>\n<p><strong>Si vous souhaitez confiez nous des oeuvres<\/strong>, n\u2019h\u00e9sitez pas nous contacter par email pour une premi\u00e8re estimation.<\/p>\n<p><strong>Le d\u00e9lai<\/strong> pour le choix des lots qui seront mis aux ench\u00e8res sera le <strong>20<\/strong> <span data-reactid=\".29x.$mid=11418155900413=2673dfbada785528287.2:0.0.0.0.0.0.$text0:0:$0:0\"><strong>Mars <\/strong><\/span><span data-reactid=\".29x.$mid=11418155900413=2673dfbada785528287.2:0.0.0.0.0.0.$text0:0:$0:0\"><strong>2026.<\/strong><\/span><\/p>\n<p>&nbsp;<\/p>\n<p>Email:\u00a0<a href=\"mailto:info@uraniaaste.com\" target=\"_blank\" rel=\"noopener noreferrer\" data-cke-saved-href=\"mailto:info@uraniaaste.com\">info@uraniaaste.com<\/a> &#8211; <a href=\"mailto:d.gradella@finarte.it\">d.gradella@finarte.it<\/a>[\/vc_column_text][\/vc_column][vc_column width=&#8221;1\/3&#8243;][vc_single_image image=&#8221;41282&#8243; img_size=&#8221;large&#8221; style=&#8221;vc_box_shadow&#8221; onclick=&#8221;custom_link&#8221; img_link_target=&#8221;_blank&#8221; link=&#8221;https:\/\/www.finarte.it\/finarte_dipartimento\/fumetti\/?lang=en&#8221;][\/vc_column][\/vc_row][vc_row][vc_column][vc_empty_space height=&#8221;55px&#8221;][vc_text_separator title=&#8221;QUI NOUS SOMMES&#8221; style=&#8221;double&#8221;][vc_empty_space height=&#8221;55px&#8221;][\/vc_column][\/vc_row][vc_row content_width=&#8221;grid&#8221;][vc_column width=&#8221;1\/2&#8243;][vc_column_text]<strong>Urania Casa d\u2019Aste<\/strong> a \u00e9t\u00e9 fond\u00e9e dans le but de devenir le point de rep\u00e8re dans le panorama italien et international de la vente aux ench\u00e8res d\u2019illustrations et dessins originaux, en offrant \u00e0 ses clients:<\/p>\n<ul>\n<li>Un service s\u00e9rieux et fiable dans l&#8217;\u00e9tude et la s\u00e9lection des oeuvres ins\u00e9r\u00e9es dans le catalogue<\/li>\n<li>Un grand soin et une grande visibilit\u00e9 du mat\u00e9riel qui nous est confi\u00e9<\/li>\n<li>Commissions plus que comp\u00e9titives<\/li>\n<li>Une disponibilit\u00e9 constante pendant toutes les phases de la vente et de l\u2019achat<\/li>\n<li>Un respect scrupuleux du d\u00e9lai de liquidation et de toutes les clauses contractuelles<\/li>\n<li>Tous les efforts pour rendre notre travail votre plus grande passion<\/li>\n<\/ul>\n<p>[\/vc_column_text][\/vc_column][vc_column width=&#8221;1\/2&#8243;][vc_single_image image=&#8221;7533&#8243; img_size=&#8221;full&#8221;][\/vc_column][\/vc_row][vc_row][vc_column][vc_empty_space height=&#8221;55px&#8221;][\/vc_column][\/vc_row][vc_row css=&#8221;.vc_custom_1458140643771{margin-right: -20px !important;margin-left: -20px !important;}&#8221;][vc_column]<div class=\"edgtf-elements-holder edgtf-five-columns edgtf-responsive-mode-600\" ><div class=\"edgtf-elements-holder-item edgtf-horizontal-alignment-center\"  >\r\n\t<div class=\"edgtf-elements-holder-item-inner\">\r\n\t\t\t\t<div class=\"edgtf-elements-holder-item-content edgtf-elements-holder-custom-163183\" style=\"padding: 0 5px 10px 5px \">\r\n\t\t\t\t\t\t<a class=\"edgtf-social-btn-holder\" href=\"https:\/\/www.facebook.com\/uraniacasadaste\/?fref=ts\" target=\"_blank\" style=\"width: 100%;font-style: normal;color: #333\" data-hover-color=\"#333\" data-color=\"#333\">\r\n\t<span class=\"edgtf-social-btn-title\" data-title=\"FACEBOOK\">FACEBOOK<\/span>\r\n<\/a>\r\n\t\t<\/div>\r\n\t<\/div>\r\n<\/div><\/div>[\/vc_column][\/vc_row]<\/p>\n","protected":false},"excerpt":{"rendered":"<p>[vc_row content_width=&#8221;grid&#8221;][vc_column][vc_empty_space height=&#8221;55px&#8221;][vc_column_text el_class=&#8221;main-paragraph&#8221;] Urania &amp; Finarte est en train de recueillir oeuvres pour la prochaine vente de printemps pr\u00e9vue pour Mai 2026 [\/vc_column_text][vc_empty_space height=&#8221;55px&#8221;][\/vc_column][\/vc_row][vc_row content_width=&#8221;grid&#8221;][vc_column width=&#8221;2\/3&#8243;][vc_text_separator title=&#8221;VENTE DE PRINTEMPS&#8221;][vc_empty_space height=&#8221;15px&#8221;][vc_column_text]La vente aux ench\u00e8res sera un grand \u00e9v\u00e9nement d\u00e9di\u00e9 \u00e0 tous les fans de la [&hellip;]<\/p>\n","protected":false},"author":1,"featured_media":0,"parent":0,"menu_order":0,"comment_status":"closed","ping_status":"closed","template":"full-width.php","meta":{"_acf_changed":false,"footnotes":""},"class_list":["post-7266","page","type-page","status-publish","hentry"],"acf":[],"yoast_head":"<!-- This site is optimized with the Yoast SEO plugin v23.7 - https:\/\/yoast.com\/wordpress\/plugins\/seo\/ -->\n<title>Main Home - Urania Casa D&#039;Aste<\/title>\n<meta name=\"robots\" content=\"index, follow, max-snippet:-1, max-image-preview:large, max-video-preview:-1\" \/>\n<link rel=\"canonical\" href=\"https:\/\/www.uraniaaste.com\/fr\/\" \/>\n<meta property=\"og:locale\" content=\"fr_FR\" \/>\n<meta property=\"og:type\" content=\"article\" \/>\n<meta property=\"og:title\" content=\"Main Home - Urania Casa D&#039;Aste\" \/>\n<meta property=\"og:description\" content=\"[vc_row content_width=&#8221;grid&#8221;][vc_column][vc_empty_space height=&#8221;55px&#8221;][vc_column_text el_class=&#8221;main-paragraph&#8221;] Urania &amp; Finarte est en train de recueillir oeuvres pour la prochaine vente de printemps pr\u00e9vue pour Mai 2026 [\/vc_column_text][vc_empty_space height=&#8221;55px&#8221;][\/vc_column][\/vc_row][vc_row content_width=&#8221;grid&#8221;][vc_column width=&#8221;2\/3&#8243;][vc_text_separator title=&#8221;VENTE DE PRINTEMPS&#8221;][vc_empty_space height=&#8221;15px&#8221;][vc_column_text]La vente aux ench\u00e8res sera un grand \u00e9v\u00e9nement d\u00e9di\u00e9 \u00e0 tous les fans de la [&hellip;]\" \/>\n<meta property=\"og:url\" content=\"https:\/\/www.uraniaaste.com\/fr\/\" \/>\n<meta property=\"og:site_name\" content=\"Urania Casa D&#039;Aste\" \/>\n<meta property=\"article:modified_time\" content=\"2026-01-21T08:36:22+00:00\" \/>\n<meta name=\"twitter:card\" content=\"summary_large_image\" \/>\n<meta name=\"twitter:label1\" content=\"Est. reading time\" \/>\n\t<meta name=\"twitter:data1\" content=\"6 minutes\" \/>\n<script type=\"application\/ld+json\" class=\"yoast-schema-graph\">{\"@context\":\"https:\/\/schema.org\",\"@graph\":[{\"@type\":\"WebPage\",\"@id\":\"https:\/\/www.uraniaaste.com\/fr\/\",\"url\":\"https:\/\/www.uraniaaste.com\/fr\/\",\"name\":\"Main Home - Urania Casa D&#039;Aste\",\"isPartOf\":{\"@id\":\"https:\/\/www.uraniaaste.com\/#website\"},\"datePublished\":\"2016-03-16T09:37:05+00:00\",\"dateModified\":\"2026-01-21T08:36:22+00:00\",\"breadcrumb\":{\"@id\":\"https:\/\/www.uraniaaste.com\/fr\/#breadcrumb\"},\"inLanguage\":\"fr-FR\",\"potentialAction\":[{\"@type\":\"ReadAction\",\"target\":[\"https:\/\/www.uraniaaste.com\/fr\/\"]}]},{\"@type\":\"BreadcrumbList\",\"@id\":\"https:\/\/www.uraniaaste.com\/fr\/#breadcrumb\",\"itemListElement\":[{\"@type\":\"ListItem\",\"position\":1,\"name\":\"Home\",\"item\":\"https:\/\/www.uraniaaste.com\/fr\/\"},{\"@type\":\"ListItem\",\"position\":2,\"name\":\"Main Home\"}]},{\"@type\":\"WebSite\",\"@id\":\"https:\/\/www.uraniaaste.com\/#website\",\"url\":\"https:\/\/www.uraniaaste.com\/\",\"name\":\"Urania Casa D&#039;Aste\",\"description\":\"\",\"potentialAction\":[{\"@type\":\"SearchAction\",\"target\":{\"@type\":\"EntryPoint\",\"urlTemplate\":\"https:\/\/www.uraniaaste.com\/?s={search_term_string}\"},\"query-input\":{\"@type\":\"PropertyValueSpecification\",\"valueRequired\":true,\"valueName\":\"search_term_string\"}}],\"inLanguage\":\"fr-FR\"}]}<\/script>\n<!-- \/ Yoast SEO plugin. -->","yoast_head_json":{"title":"Main Home - Urania Casa D&#039;Aste","robots":{"index":"index","follow":"follow","max-snippet":"max-snippet:-1","max-image-preview":"max-image-preview:large","max-video-preview":"max-video-preview:-1"},"canonical":"https:\/\/www.uraniaaste.com\/fr\/","og_locale":"fr_FR","og_type":"article","og_title":"Main Home - Urania Casa D&#039;Aste","og_description":"[vc_row content_width=&#8221;grid&#8221;][vc_column][vc_empty_space height=&#8221;55px&#8221;][vc_column_text el_class=&#8221;main-paragraph&#8221;] Urania &amp; Finarte est en train de recueillir oeuvres pour la prochaine vente de printemps pr\u00e9vue pour Mai 2026 [\/vc_column_text][vc_empty_space height=&#8221;55px&#8221;][\/vc_column][\/vc_row][vc_row content_width=&#8221;grid&#8221;][vc_column width=&#8221;2\/3&#8243;][vc_text_separator title=&#8221;VENTE DE PRINTEMPS&#8221;][vc_empty_space height=&#8221;15px&#8221;][vc_column_text]La vente aux ench\u00e8res sera un grand \u00e9v\u00e9nement d\u00e9di\u00e9 \u00e0 tous les fans de la [&hellip;]","og_url":"https:\/\/www.uraniaaste.com\/fr\/","og_site_name":"Urania Casa D&#039;Aste","article_modified_time":"2026-01-21T08:36:22+00:00","twitter_card":"summary_large_image","twitter_misc":{"Est. reading time":"6 minutes"},"schema":{"@context":"https:\/\/schema.org","@graph":[{"@type":"WebPage","@id":"https:\/\/www.uraniaaste.com\/fr\/","url":"https:\/\/www.uraniaaste.com\/fr\/","name":"Main Home - Urania Casa D&#039;Aste","isPartOf":{"@id":"https:\/\/www.uraniaaste.com\/#website"},"datePublished":"2016-03-16T09:37:05+00:00","dateModified":"2026-01-21T08:36:22+00:00","breadcrumb":{"@id":"https:\/\/www.uraniaaste.com\/fr\/#breadcrumb"},"inLanguage":"fr-FR","potentialAction":[{"@type":"ReadAction","target":["https:\/\/www.uraniaaste.com\/fr\/"]}]},{"@type":"BreadcrumbList","@id":"https:\/\/www.uraniaaste.com\/fr\/#breadcrumb","itemListElement":[{"@type":"ListItem","position":1,"name":"Home","item":"https:\/\/www.uraniaaste.com\/fr\/"},{"@type":"ListItem","position":2,"name":"Main Home"}]},{"@type":"WebSite","@id":"https:\/\/www.uraniaaste.com\/#website","url":"https:\/\/www.uraniaaste.com\/","name":"Urania Casa D&#039;Aste","description":"","potentialAction":[{"@type":"SearchAction","target":{"@type":"EntryPoint","urlTemplate":"https:\/\/www.uraniaaste.com\/?s={search_term_string}"},"query-input":{"@type":"PropertyValueSpecification","valueRequired":true,"valueName":"search_term_string"}}],"inLanguage":"fr-FR"}]}},"_links":{"self":[{"href":"https:\/\/www.uraniaaste.com\/fr\/wp-json\/wp\/v2\/pages\/7266"}],"collection":[{"href":"https:\/\/www.uraniaaste.com\/fr\/wp-json\/wp\/v2\/pages"}],"about":[{"href":"https:\/\/www.uraniaaste.com\/fr\/wp-json\/wp\/v2\/types\/page"}],"author":[{"embeddable":true,"href":"https:\/\/www.uraniaaste.com\/fr\/wp-json\/wp\/v2\/users\/1"}],"replies":[{"embeddable":true,"href":"https:\/\/www.uraniaaste.com\/fr\/wp-json\/wp\/v2\/comments?post=7266"}],"version-history":[{"count":83,"href":"https:\/\/www.uraniaaste.com\/fr\/wp-json\/wp\/v2\/pages\/7266\/revisions"}],"predecessor-version":[{"id":41289,"href":"https:\/\/www.uraniaaste.com\/fr\/wp-json\/wp\/v2\/pages\/7266\/revisions\/41289"}],"wp:attachment":[{"href":"https:\/\/www.uraniaaste.com\/fr\/wp-json\/wp\/v2\/media?parent=7266"}],"curies":[{"name":"wp","href":"https:\/\/api.w.org\/{rel}","templated":true}]}}