
{"id":5710,"date":"2016-09-25T11:23:20","date_gmt":"2016-09-25T09:23:20","guid":{"rendered":"http:\/\/www.uraniaaste.com\/fr\/?page_id=5710"},"modified":"2021-10-26T11:59:20","modified_gmt":"2021-10-26T09:59:20","slug":"ventes-a-venir","status":"publish","type":"page","link":"https:\/\/www.uraniaaste.com\/fr\/ventes-a-venir\/","title":{"rendered":"Ventes \u00e0 venir"},"content":{"rendered":"<p>[vc_row][vc_column][vc_column_text]<\/p>\n<h2 style=\"text-align: center;\">16\u00e8me Vente: Dessin Originaux et Illustrations de la Bande Dessin\u00e9e<br \/>\nSp\u00e9cial Vente: Giorgio Cavazzano : le dernier grand ma\u00eetre Disney<\/h2>\n<p>[\/vc_column_text][vc_empty_space height=&#8221;55px&#8221;][\/vc_column][\/vc_row][vc_row content_width=&#8221;grid&#8221;][vc_column width=&#8221;1\/4&#8243;][vc_text_separator title=&#8221;16\u00e8me VENTE&#8221; css=&#8221;.vc_custom_1635242142742{background-position: center !important;background-repeat: no-repeat !important;background-size: cover !important;}&#8221; el_class=&#8221;home-category-title&#8221;][vc_column_text css=&#8221;.vc_custom_1635242162928{margin-top: 15px !important;}&#8221;]<\/p>\n<p style=\"text-align: center;\">Consultez nouveau catalogue general et d\u00e9couvrez les 576 lots qui seront mis en vente le prochain 27 Novembre!<\/p>\n<p>[\/vc_column_text][vc_empty_space height=&#8221;25px&#8221;][vc_single_image image=&#8221;39140&#8243; img_size=&#8221;medium&#8221; alignment=&#8221;center&#8221; onclick=&#8221;custom_link&#8221; img_link_target=&#8221;_blank&#8221; link=&#8221;http:\/\/www.uraniaaste.com\/wp-content\/uploads\/2021\/10\/Urania-16a-Asta_-27.11.2021.pdf&#8221;][vc_empty_space height=&#8221;25px&#8221;]<a itemprop=\"url\" href=\"http:\/\/www.uraniaaste.com\/wp-content\/uploads\/2021\/10\/Urania-16a-Asta_-27.11.2021.pdf\" target=\"_blank\" style=\"margin: 15px auto\" class=\"edgtf-btn edgtf-btn-small edgtf-btn-outline edgtf-btn-icon home-category-btn\"  >\r\n    <span class=\"edgtf-btn-text\">T\u00c9L\u00c9CHARGER CATALOGUE PDF<\/span>\r\n    <span aria-hidden=\"true\" class=\"edgtf-icon-font-elegant arrow_right \" ><\/span><\/a>[vc_empty_space height=&#8221;40px&#8221;][\/vc_column][vc_column width=&#8221;1\/4&#8243; css=&#8221;.vc_custom_1474735695397{padding-right: 20px !important;}&#8221;][vc_text_separator title=&#8221;GIORGIO CAVAZZANO&#8221; css=&#8221;.vc_custom_1635242199672{background-position: center !important;background-repeat: no-repeat !important;background-size: cover !important;}&#8221; el_class=&#8221;home-category-title&#8221;][vc_column_text css=&#8221;.vc_custom_1635242216215{margin-top: 15px !important;}&#8221;]<\/p>\n<p style=\"text-align: center;\">Consultez le catalogue sp\u00e9cial d\u00e9di\u00e9 \u00e0 Giorgio Cavazzano et d\u00e9couvrez les 55 lots qui seront mis en vente!<\/p>\n<p>[\/vc_column_text][vc_empty_space height=&#8221;25px&#8221;][vc_single_image image=&#8221;39137&#8243; img_size=&#8221;medium&#8221; alignment=&#8221;center&#8221; onclick=&#8221;custom_link&#8221; img_link_target=&#8221;_blank&#8221; link=&#8221;http:\/\/www.uraniaaste.com\/wp-content\/uploads\/2021\/10\/Urania-Cavazzano_-27.11.2021.pdf&#8221;][vc_empty_space height=&#8221;25px&#8221;]<a itemprop=\"url\" href=\"http:\/\/www.uraniaaste.com\/wp-content\/uploads\/2021\/10\/Urania-Cavazzano_-27.11.2021.pdf\" target=\"_blank\" style=\"margin: 15px auto\" class=\"edgtf-btn edgtf-btn-small edgtf-btn-outline edgtf-btn-icon home-category-btn\"  >\r\n    <span class=\"edgtf-btn-text\">T\u00c9L\u00c9CHARGER CATALOGUE PDF<\/span>\r\n    <span aria-hidden=\"true\" class=\"edgtf-icon-font-elegant arrow_right \" ><\/span><\/a>[vc_empty_space height=&#8221;40px&#8221;][\/vc_column][vc_column width=&#8221;1\/4&#8243; css=&#8221;.vc_custom_1474735713392{padding-left: 20px !important;}&#8221;][vc_text_separator title=&#8221;VENTE EN LIGNE&#8221; css=&#8221;.vc_custom_1506297075954{background-position: center !important;background-repeat: no-repeat !important;background-size: cover !important;}&#8221; el_class=&#8221;home-category-title&#8221;][vc_column_text css=&#8221;.vc_custom_1506297087328{margin-top: 15px !important;}&#8221;]<\/p>\n<p style=\"text-align: center;\">Ench\u00e8re en direct en ligne avec LiveAuctioneers.<\/p>\n<p>[\/vc_column_text][vc_empty_space height=&#8221;15px&#8221;][vc_single_image image=&#8221;7523&#8243; img_size=&#8221;medium&#8221; alignment=&#8221;center&#8221; onclick=&#8221;custom_link&#8221; img_link_target=&#8221;_blank&#8221; link=&#8221;https:\/\/www.liveauctioneers.com\/catalog\/223178_original-comic-art-and-illustration\/&#8221;][vc_empty_space height=&#8221;15px&#8221;]<a itemprop=\"url\" href=\"https:\/\/www.liveauctioneers.com\/catalog\/223178_original-comic-art-and-illustration\/\" target=\"_blank\" style=\"margin: 15px auto\" class=\"edgtf-btn edgtf-btn-small edgtf-btn-outline edgtf-btn-icon home-category-btn\"  >\r\n    <span class=\"edgtf-btn-text\">ENCH\u00c8RE EN LIGNE<\/span>\r\n    <span aria-hidden=\"true\" class=\"edgtf-icon-font-elegant arrow_right \" ><\/span><\/a>[vc_empty_space height=&#8221;5px&#8221;][vc_text_separator title=&#8221;FORMULAIRE&#8221;][vc_column_text]<\/p>\n<p style=\"text-align: center;\">Participer \u00e0 la vente avec ench\u00e8res \u00e9crites ou t\u00e9l\u00e9phon\u00e9es.<\/p>\n<p>[\/vc_column_text][vc_empty_space height=&#8221;15px&#8221;][vc_single_image image=&#8221;7528&#8243; img_size=&#8221;full&#8221; alignment=&#8221;center&#8221;][vc_empty_space height=&#8221;15px&#8221;]<a itemprop=\"url\" href=\"http:\/\/www.uraniaaste.com\/wp-content\/uploads\/2021\/10\/Formulaire-doffre-16-Vente-Urania.pdf\" target=\"_blank\" style=\"margin: 15px auto\" class=\"edgtf-btn edgtf-btn-small edgtf-btn-outline edgtf-btn-icon home-category-btn\"  >\r\n    <span class=\"edgtf-btn-text\">T\u00c9L\u00c9CHARGER FORMULAIRE<\/span>\r\n    <span aria-hidden=\"true\" class=\"edgtf-icon-font-elegant arrow_right \" ><\/span><\/a>[\/vc_column][vc_column width=&#8221;1\/4&#8243; css=&#8221;.vc_custom_1474735705226{padding-right: 20px !important;padding-left: 20px !important;}&#8221;][vc_text_separator title=&#8221;INFORMATIONS&#8221; css=&#8221;.vc_custom_1506297290967{background-position: center !important;background-repeat: no-repeat !important;background-size: cover !important;}&#8221; el_class=&#8221;home-category-title&#8221;][vc_column_text css=&#8221;.vc_custom_1635242296060{margin-top: 15px !important;}&#8221;]<\/p>\n<p style=\"text-align: center;\">Date:<br \/>\n<strong>Samedi 27 Novembre<\/strong><br \/>\nLots 1 \u2013 164 de 11h00 \u00e0 13h00<br \/>\nLots 165 \u2013 631 de 14h30 \u00e0 20h00<\/p>\n<p style=\"text-align: center;\">Lieu de Vente:<br \/>\nFinarte Auctions_P.zza Santi Apostoli, 80<br \/>\nRoma<\/p>\n<p>[\/vc_column_text][vc_empty_space height=&#8221;40px&#8221;][\/vc_column][\/vc_row][vc_row content_width=&#8221;grid&#8221; css=&#8221;.vc_custom_1458221917557{padding-bottom: 49px !important;}&#8221;][vc_column][vc_empty_space height=&#8221;35px&#8221;]<a itemprop=\"url\" href=\"https:\/\/www.liveauctioneers.com\/catalog\/223178_original-comic-art-and-illustration\/\" target=\"_blank\" style=\"font-weight: 700;margin: 0 auto\" class=\"edgtf-btn edgtf-btn-huge edgtf-btn-solid go-to-shop\"  >\r\n    <span class=\"edgtf-btn-text\">Catalogue el ligne<\/span>\r\n    <\/a>[vc_empty_space height=&#8221;55px&#8221;][\/vc_column][\/vc_row]<\/p>\n","protected":false},"excerpt":{"rendered":"<p>[vc_row][vc_column][vc_column_text] 16\u00e8me Vente: Dessin Originaux et Illustrations de la Bande Dessin\u00e9e Sp\u00e9cial Vente: Giorgio Cavazzano : le dernier grand ma\u00eetre Disney [\/vc_column_text][vc_empty_space height=&#8221;55px&#8221;][\/vc_column][\/vc_row][vc_row content_width=&#8221;grid&#8221;][vc_column width=&#8221;1\/4&#8243;][vc_text_separator title=&#8221;16\u00e8me VENTE&#8221; css=&#8221;.vc_custom_1635242142742{background-position: center !important;background-repeat: no-repeat !important;background-size: cover !important;}&#8221; el_class=&#8221;home-category-title&#8221;][vc_column_text css=&#8221;.vc_custom_1635242162928{margin-top: 15px !important;}&#8221;] Consultez nouveau catalogue general et d\u00e9couvrez les [&hellip;]<\/p>\n","protected":false},"author":1,"featured_media":0,"parent":0,"menu_order":0,"comment_status":"closed","ping_status":"closed","template":"","meta":{"_acf_changed":false,"footnotes":""},"class_list":["post-5710","page","type-page","status-publish","hentry"],"acf":[],"yoast_head":"<!-- This site is optimized with the Yoast SEO plugin v23.7 - https:\/\/yoast.com\/wordpress\/plugins\/seo\/ -->\n<title>Ventes \u00e0 venir - Urania Casa D&#039;Aste<\/title>\n<meta name=\"robots\" content=\"index, follow, max-snippet:-1, max-image-preview:large, max-video-preview:-1\" \/>\n<link rel=\"canonical\" href=\"https:\/\/www.uraniaaste.com\/fr\/ventes-a-venir\/\" \/>\n<meta property=\"og:locale\" content=\"fr_FR\" \/>\n<meta property=\"og:type\" content=\"article\" \/>\n<meta property=\"og:title\" content=\"Ventes \u00e0 venir - Urania Casa D&#039;Aste\" \/>\n<meta property=\"og:description\" content=\"[vc_row][vc_column][vc_column_text] 16\u00e8me Vente: Dessin Originaux et Illustrations de la Bande Dessin\u00e9e Sp\u00e9cial Vente: Giorgio Cavazzano : le dernier grand ma\u00eetre Disney [\/vc_column_text][vc_empty_space height=&#8221;55px&#8221;][\/vc_column][\/vc_row][vc_row content_width=&#8221;grid&#8221;][vc_column width=&#8221;1\/4&#8243;][vc_text_separator title=&#8221;16\u00e8me VENTE&#8221; css=&#8221;.vc_custom_1635242142742{background-position: center !important;background-repeat: no-repeat !important;background-size: cover !important;}&#8221; el_class=&#8221;home-category-title&#8221;][vc_column_text css=&#8221;.vc_custom_1635242162928{margin-top: 15px !important;}&#8221;] Consultez nouveau catalogue general et d\u00e9couvrez les [&hellip;]\" \/>\n<meta property=\"og:url\" content=\"https:\/\/www.uraniaaste.com\/fr\/ventes-a-venir\/\" \/>\n<meta property=\"og:site_name\" content=\"Urania Casa D&#039;Aste\" \/>\n<meta property=\"article:modified_time\" content=\"2021-10-26T09:59:20+00:00\" \/>\n<meta name=\"twitter:card\" content=\"summary_large_image\" \/>\n<meta name=\"twitter:label1\" content=\"Est. reading time\" \/>\n\t<meta name=\"twitter:data1\" content=\"3 minutes\" \/>\n<script type=\"application\/ld+json\" class=\"yoast-schema-graph\">{\"@context\":\"https:\/\/schema.org\",\"@graph\":[{\"@type\":\"WebPage\",\"@id\":\"https:\/\/www.uraniaaste.com\/fr\/ventes-a-venir\/\",\"url\":\"https:\/\/www.uraniaaste.com\/fr\/ventes-a-venir\/\",\"name\":\"Ventes \u00e0 venir - Urania Casa D&#039;Aste\",\"isPartOf\":{\"@id\":\"https:\/\/www.uraniaaste.com\/#website\"},\"datePublished\":\"2016-09-25T09:23:20+00:00\",\"dateModified\":\"2021-10-26T09:59:20+00:00\",\"breadcrumb\":{\"@id\":\"https:\/\/www.uraniaaste.com\/fr\/ventes-a-venir\/#breadcrumb\"},\"inLanguage\":\"fr-FR\",\"potentialAction\":[{\"@type\":\"ReadAction\",\"target\":[\"https:\/\/www.uraniaaste.com\/fr\/ventes-a-venir\/\"]}]},{\"@type\":\"BreadcrumbList\",\"@id\":\"https:\/\/www.uraniaaste.com\/fr\/ventes-a-venir\/#breadcrumb\",\"itemListElement\":[{\"@type\":\"ListItem\",\"position\":1,\"name\":\"Home\",\"item\":\"https:\/\/www.uraniaaste.com\/fr\/\"},{\"@type\":\"ListItem\",\"position\":2,\"name\":\"Ventes \u00e0 venir\"}]},{\"@type\":\"WebSite\",\"@id\":\"https:\/\/www.uraniaaste.com\/#website\",\"url\":\"https:\/\/www.uraniaaste.com\/\",\"name\":\"Urania Casa D&#039;Aste\",\"description\":\"\",\"potentialAction\":[{\"@type\":\"SearchAction\",\"target\":{\"@type\":\"EntryPoint\",\"urlTemplate\":\"https:\/\/www.uraniaaste.com\/?s={search_term_string}\"},\"query-input\":{\"@type\":\"PropertyValueSpecification\",\"valueRequired\":true,\"valueName\":\"search_term_string\"}}],\"inLanguage\":\"fr-FR\"}]}<\/script>\n<!-- \/ Yoast SEO plugin. -->","yoast_head_json":{"title":"Ventes \u00e0 venir - Urania Casa D&#039;Aste","robots":{"index":"index","follow":"follow","max-snippet":"max-snippet:-1","max-image-preview":"max-image-preview:large","max-video-preview":"max-video-preview:-1"},"canonical":"https:\/\/www.uraniaaste.com\/fr\/ventes-a-venir\/","og_locale":"fr_FR","og_type":"article","og_title":"Ventes \u00e0 venir - Urania Casa D&#039;Aste","og_description":"[vc_row][vc_column][vc_column_text] 16\u00e8me Vente: Dessin Originaux et Illustrations de la Bande Dessin\u00e9e Sp\u00e9cial Vente: Giorgio Cavazzano : le dernier grand ma\u00eetre Disney [\/vc_column_text][vc_empty_space height=&#8221;55px&#8221;][\/vc_column][\/vc_row][vc_row content_width=&#8221;grid&#8221;][vc_column width=&#8221;1\/4&#8243;][vc_text_separator title=&#8221;16\u00e8me VENTE&#8221; css=&#8221;.vc_custom_1635242142742{background-position: center !important;background-repeat: no-repeat !important;background-size: cover !important;}&#8221; el_class=&#8221;home-category-title&#8221;][vc_column_text css=&#8221;.vc_custom_1635242162928{margin-top: 15px !important;}&#8221;] Consultez nouveau catalogue general et d\u00e9couvrez les [&hellip;]","og_url":"https:\/\/www.uraniaaste.com\/fr\/ventes-a-venir\/","og_site_name":"Urania Casa D&#039;Aste","article_modified_time":"2021-10-26T09:59:20+00:00","twitter_card":"summary_large_image","twitter_misc":{"Est. reading time":"3 minutes"},"schema":{"@context":"https:\/\/schema.org","@graph":[{"@type":"WebPage","@id":"https:\/\/www.uraniaaste.com\/fr\/ventes-a-venir\/","url":"https:\/\/www.uraniaaste.com\/fr\/ventes-a-venir\/","name":"Ventes \u00e0 venir - Urania Casa D&#039;Aste","isPartOf":{"@id":"https:\/\/www.uraniaaste.com\/#website"},"datePublished":"2016-09-25T09:23:20+00:00","dateModified":"2021-10-26T09:59:20+00:00","breadcrumb":{"@id":"https:\/\/www.uraniaaste.com\/fr\/ventes-a-venir\/#breadcrumb"},"inLanguage":"fr-FR","potentialAction":[{"@type":"ReadAction","target":["https:\/\/www.uraniaaste.com\/fr\/ventes-a-venir\/"]}]},{"@type":"BreadcrumbList","@id":"https:\/\/www.uraniaaste.com\/fr\/ventes-a-venir\/#breadcrumb","itemListElement":[{"@type":"ListItem","position":1,"name":"Home","item":"https:\/\/www.uraniaaste.com\/fr\/"},{"@type":"ListItem","position":2,"name":"Ventes \u00e0 venir"}]},{"@type":"WebSite","@id":"https:\/\/www.uraniaaste.com\/#website","url":"https:\/\/www.uraniaaste.com\/","name":"Urania Casa D&#039;Aste","description":"","potentialAction":[{"@type":"SearchAction","target":{"@type":"EntryPoint","urlTemplate":"https:\/\/www.uraniaaste.com\/?s={search_term_string}"},"query-input":{"@type":"PropertyValueSpecification","valueRequired":true,"valueName":"search_term_string"}}],"inLanguage":"fr-FR"}]}},"_links":{"self":[{"href":"https:\/\/www.uraniaaste.com\/fr\/wp-json\/wp\/v2\/pages\/5710"}],"collection":[{"href":"https:\/\/www.uraniaaste.com\/fr\/wp-json\/wp\/v2\/pages"}],"about":[{"href":"https:\/\/www.uraniaaste.com\/fr\/wp-json\/wp\/v2\/types\/page"}],"author":[{"embeddable":true,"href":"https:\/\/www.uraniaaste.com\/fr\/wp-json\/wp\/v2\/users\/1"}],"replies":[{"embeddable":true,"href":"https:\/\/www.uraniaaste.com\/fr\/wp-json\/wp\/v2\/comments?post=5710"}],"version-history":[{"count":15,"href":"https:\/\/www.uraniaaste.com\/fr\/wp-json\/wp\/v2\/pages\/5710\/revisions"}],"predecessor-version":[{"id":39424,"href":"https:\/\/www.uraniaaste.com\/fr\/wp-json\/wp\/v2\/pages\/5710\/revisions\/39424"}],"wp:attachment":[{"href":"https:\/\/www.uraniaaste.com\/fr\/wp-json\/wp\/v2\/media?parent=5710"}],"curies":[{"name":"wp","href":"https:\/\/api.w.org\/{rel}","templated":true}]}}