
{"id":5698,"date":"2016-09-25T11:06:57","date_gmt":"2016-09-25T09:06:57","guid":{"rendered":"http:\/\/www.uraniaaste.com\/fr\/?page_id=5698"},"modified":"2021-09-01T09:57:40","modified_gmt":"2021-09-01T07:57:40","slug":"comment-acheter","status":"publish","type":"page","link":"https:\/\/www.uraniaaste.com\/fr\/vendre-et-acheter\/comment-acheter\/","title":{"rendered":"Comment Acheter"},"content":{"rendered":"<p>[vc_row][vc_column][vc_column_text]<\/p>\n<h3><b>\u2013 Expositions<\/b><\/h3>\n<p>Nos ventes aux ench\u00e8res auront lieu tous les trois mois dans les villes italiennes principales, pr\u00e9c\u00e9d\u00e9es par un certain nombre de d\u00e9monstrations dans les expositions sp\u00e8cialis\u00e9es les plus importantes de la bande dessin\u00e9e et par une exposition g\u00e9n\u00e9rale de tous les lots pendant les jours imm\u00e9diatement pr\u00e9ced\u00e9nts aux ench\u00e8res dans le si\u00e8ge d\u00e9sign\u00e9. Ces expositions sont organis\u00e9es dans le but de vous donner la possibilit\u00e9 d\u2019examiner les oeuvres et de pouvoir clarifier tous vos doutes avec nos experts.<\/p>\n<h3><b>\u2013 Adjudications dans la salle<\/b><\/h3>\n<p>Les ventes aux ench\u00e8res sont publiques et sans obligation d\u2019achat. Les lots sont vendus habituellement dans l\u2019ordre num\u00e9rique progressif comme indiqu\u00e9s dans le cataloque. Le rythme des ventes est d\u2019environ 90-100 lots par heure, mais il peut varier. Les vente seront faites \u00e0 l\u2019ench\u00e9risseur le plus offrant et express\u00e9ment au comptant, les adjudicataires ne seront autoris\u00e9s \u00e0 enlever les lots achet\u00e9s qu\u2019apr\u00e8s l\u2019encaissement effectif et total de la somme due.<\/p>\n<h3><b>\u2013 Commissions<\/b><\/h3>\n<p>L\u2019acqu\u00e9reur versera les commissions (TVA et taxes inclus) calcul\u00e9es sur le prix d\u2019adjudication de chaque lot de la fa\u00e7on suivante:<br \/>\n20% jusqu\u2019\u00e0 50.000,00 \u20ac<br \/>\n17% sup\u00e9rieur \u00e0 50.000,00 \u20ac<br \/>\nL\u2019adjudicataire devra verser \u00e0 Urania Casa d\u2019Aste le prix d\u2019adjudication plus les commissions imm\u00e9diatement apr\u00e8s l\u2019issue des ench\u00e8res et, de toute fa\u00e7on, dans les 7 jours ouvrables, sauf diff\u00e9rent accord pr\u00e9alable \u00e9crit avec Urania Casa d\u2019Aste.<\/p>\n<h3><b>\u2013 Ench\u00e8res \u00e9crites ou par t\u00e9l\u00e9phone<\/b><\/h3>\n<p>Pour toute personne qui ne peut pas \u00eatre pr\u00e9sente aux ench\u00e8res, Urania Casa d\u2019Aste pourra concourir pour son compte \u00e0 l\u2019achat des lots. Pour avoir acc\u00e8s \u00e0 ce service gratuit, il est n\u00e9cessaire de retourner le formulaire que vous trouverez en fin de catalogue ou dans nos bureaux avec la copie d\u2019un papier d\u2019identit\u00e9 jointe. Les lots seront achet\u00e9s au prix le plus bas rendu possible par les autres ench\u00e8res dans la salle. En cas d\u2019ench\u00e8res d\u2019un montant identique pour le m\u00eame lot, la premi\u00e8re arriv\u00e9e aura la pr\u00e9f\u00e9rence. Les ench\u00e8res devront \u00eatre faites de la fa\u00e7on suivante\u00a0: \u2013 25 euro jusqu\u2019\u00e0 300 \u2013 50 euro jusqu\u2019\u00e0 1.000 \u2013 100 euro jusqu\u2019\u00e0 3.000 \u2013 200 euro jusqu\u2019\u00e0 10.000 \u2013 500 euro sup\u00e9rieur \u00e0 10.000 Urania Casa d\u2019Aste offre \u00e0 ses clients la possibilit\u00e9 d\u2019\u00eatre contact\u00e9s par<b> <\/b><strong>t\u00e9l\u00e9phone<\/strong> pendant les ench\u00e8res afin de concourir \u00e0 l\u2019achat des lots propos\u00e9s. Il sera suffisant de retourrner le formulaire susvis\u00e9 qui devra parvenir avant 12,00 heures du jour de la vente. Ce service sera garanti dans la limite des lignes disponibles et par ordre de transmission \u00e0 l\u2019\u00e9tude. Nous recommandons de communiquer cependant une offre que nous permettra d\u2019ench\u00e9rir pour votre compte seulement au cas o\u00f9 il sera impossible de vous contacter.<\/p>\n<h3><b>\u2013 Paiement<\/b><\/h3>\n<p>Le paiement des lots doit \u00eatre effectu\u00e9 en \u20ac imm\u00e9diatement apr\u00e8s l\u2019issue de la vente aux ench\u00e8res et des toutes fa\u00e7on dans les 7 jours ouvrables de la fa\u00e7on suivante\u00a0:<\/p>\n<ul>\n<li>en esp\u00e8ces (2.999 euro)<\/li>\n<li>par carte de cr\u00e9dit (pour les paiements par carte de cr\u00e9dit, se r\u00e9f\u00e9rer aux conditions g\u00e9n\u00e9rales de vente)<\/li>\n<li>par ch\u00e8que \u00e0 l\u2019ordre de: Urania Casa d\u2019Aste di Daniele Gradella<\/li>\n<li>par virement bancaire<\/li>\n<li>par ch\u00e8que bancaire \u00a0apr\u00e8s avoir pris des accords avec la Direction administrative<\/li>\n<li>paiement en ligne par PayPal ( se r\u00e9f\u00e9rer aux conditions g\u00e9n\u00e9rales de vente).<\/li>\n<\/ul>\n<p>En cas de paiement par ch\u00e8que ou par virement bancaire, le r\u00e8glement ne sera confirm\u00e9 qu\u2019apr\u00e8s l\u2019encaissement effectif et total de la somme due.<\/p>\n<h3><b>\u2013 <strong>Enl\u00e8vement des lots<\/strong><\/b><strong>\u00a0<\/strong><\/h3>\n<p>Sauf accord contraire, les lots pay\u00e9s dans le d\u00e9lai et les modalit\u00e9s susvis\u00e9s doivent \u00eatre imm\u00e9diatement enlev\u00e9s. Sous indications par \u00e9crit de l\u2019acqu\u00e9reur, Urania Casa d\u2019Aste pourra s\u2019occuper de l\u2019imballage et du transport aux frais et risques de l\u2019acheteur. Pour toute autre information, se r\u00e9f\u00e9rer aux conditions g\u00e9n\u00e9rales de vente.[\/vc_column_text][\/vc_column][\/vc_row][vc_row][vc_column][vc_empty_space height=&#8221;100px&#8221;][\/vc_column][\/vc_row]<\/p>\n","protected":false},"excerpt":{"rendered":"<p>[vc_row][vc_column][vc_column_text] \u2013 Expositions Nos ventes aux ench\u00e8res auront lieu tous les trois mois dans les villes italiennes principales, pr\u00e9c\u00e9d\u00e9es par un certain nombre de d\u00e9monstrations dans les expositions sp\u00e8cialis\u00e9es les plus importantes de la bande dessin\u00e9e et par une exposition g\u00e9n\u00e9rale de tous les lots [&hellip;]<\/p>\n","protected":false},"author":1,"featured_media":0,"parent":5706,"menu_order":0,"comment_status":"closed","ping_status":"closed","template":"","meta":{"_acf_changed":false,"footnotes":""},"class_list":["post-5698","page","type-page","status-publish","hentry"],"acf":[],"yoast_head":"<!-- This site is optimized with the Yoast SEO plugin v23.7 - https:\/\/yoast.com\/wordpress\/plugins\/seo\/ -->\n<title>Comment Acheter - Urania Casa D&#039;Aste<\/title>\n<meta name=\"robots\" content=\"index, follow, max-snippet:-1, max-image-preview:large, max-video-preview:-1\" \/>\n<link rel=\"canonical\" href=\"https:\/\/www.uraniaaste.com\/fr\/vendre-et-acheter\/comment-acheter\/\" \/>\n<meta property=\"og:locale\" content=\"fr_FR\" \/>\n<meta property=\"og:type\" content=\"article\" \/>\n<meta property=\"og:title\" content=\"Comment Acheter - Urania Casa D&#039;Aste\" \/>\n<meta property=\"og:description\" content=\"[vc_row][vc_column][vc_column_text] \u2013 Expositions Nos ventes aux ench\u00e8res auront lieu tous les trois mois dans les villes italiennes principales, pr\u00e9c\u00e9d\u00e9es par un certain nombre de d\u00e9monstrations dans les expositions sp\u00e8cialis\u00e9es les plus importantes de la bande dessin\u00e9e et par une exposition g\u00e9n\u00e9rale de tous les lots [&hellip;]\" \/>\n<meta property=\"og:url\" content=\"https:\/\/www.uraniaaste.com\/fr\/vendre-et-acheter\/comment-acheter\/\" \/>\n<meta property=\"og:site_name\" content=\"Urania Casa D&#039;Aste\" \/>\n<meta property=\"article:modified_time\" content=\"2021-09-01T07:57:40+00:00\" \/>\n<meta name=\"twitter:card\" content=\"summary_large_image\" \/>\n<meta name=\"twitter:label1\" content=\"Est. reading time\" \/>\n\t<meta name=\"twitter:data1\" content=\"4 minutes\" \/>\n<script type=\"application\/ld+json\" class=\"yoast-schema-graph\">{\"@context\":\"https:\/\/schema.org\",\"@graph\":[{\"@type\":\"WebPage\",\"@id\":\"https:\/\/www.uraniaaste.com\/fr\/vendre-et-acheter\/comment-acheter\/\",\"url\":\"https:\/\/www.uraniaaste.com\/fr\/vendre-et-acheter\/comment-acheter\/\",\"name\":\"Comment Acheter - Urania Casa D&#039;Aste\",\"isPartOf\":{\"@id\":\"https:\/\/www.uraniaaste.com\/#website\"},\"datePublished\":\"2016-09-25T09:06:57+00:00\",\"dateModified\":\"2021-09-01T07:57:40+00:00\",\"breadcrumb\":{\"@id\":\"https:\/\/www.uraniaaste.com\/fr\/vendre-et-acheter\/comment-acheter\/#breadcrumb\"},\"inLanguage\":\"fr-FR\",\"potentialAction\":[{\"@type\":\"ReadAction\",\"target\":[\"https:\/\/www.uraniaaste.com\/fr\/vendre-et-acheter\/comment-acheter\/\"]}]},{\"@type\":\"BreadcrumbList\",\"@id\":\"https:\/\/www.uraniaaste.com\/fr\/vendre-et-acheter\/comment-acheter\/#breadcrumb\",\"itemListElement\":[{\"@type\":\"ListItem\",\"position\":1,\"name\":\"Home\",\"item\":\"https:\/\/www.uraniaaste.com\/fr\/\"},{\"@type\":\"ListItem\",\"position\":2,\"name\":\"Vendre et Acheter\",\"item\":\"https:\/\/www.uraniaaste.com\/fr\/vendre-et-acheter\/\"},{\"@type\":\"ListItem\",\"position\":3,\"name\":\"Comment Acheter\"}]},{\"@type\":\"WebSite\",\"@id\":\"https:\/\/www.uraniaaste.com\/#website\",\"url\":\"https:\/\/www.uraniaaste.com\/\",\"name\":\"Urania Casa D&#039;Aste\",\"description\":\"\",\"potentialAction\":[{\"@type\":\"SearchAction\",\"target\":{\"@type\":\"EntryPoint\",\"urlTemplate\":\"https:\/\/www.uraniaaste.com\/?s={search_term_string}\"},\"query-input\":{\"@type\":\"PropertyValueSpecification\",\"valueRequired\":true,\"valueName\":\"search_term_string\"}}],\"inLanguage\":\"fr-FR\"}]}<\/script>\n<!-- \/ Yoast SEO plugin. -->","yoast_head_json":{"title":"Comment Acheter - Urania Casa D&#039;Aste","robots":{"index":"index","follow":"follow","max-snippet":"max-snippet:-1","max-image-preview":"max-image-preview:large","max-video-preview":"max-video-preview:-1"},"canonical":"https:\/\/www.uraniaaste.com\/fr\/vendre-et-acheter\/comment-acheter\/","og_locale":"fr_FR","og_type":"article","og_title":"Comment Acheter - Urania Casa D&#039;Aste","og_description":"[vc_row][vc_column][vc_column_text] \u2013 Expositions Nos ventes aux ench\u00e8res auront lieu tous les trois mois dans les villes italiennes principales, pr\u00e9c\u00e9d\u00e9es par un certain nombre de d\u00e9monstrations dans les expositions sp\u00e8cialis\u00e9es les plus importantes de la bande dessin\u00e9e et par une exposition g\u00e9n\u00e9rale de tous les lots [&hellip;]","og_url":"https:\/\/www.uraniaaste.com\/fr\/vendre-et-acheter\/comment-acheter\/","og_site_name":"Urania Casa D&#039;Aste","article_modified_time":"2021-09-01T07:57:40+00:00","twitter_card":"summary_large_image","twitter_misc":{"Est. reading time":"4 minutes"},"schema":{"@context":"https:\/\/schema.org","@graph":[{"@type":"WebPage","@id":"https:\/\/www.uraniaaste.com\/fr\/vendre-et-acheter\/comment-acheter\/","url":"https:\/\/www.uraniaaste.com\/fr\/vendre-et-acheter\/comment-acheter\/","name":"Comment Acheter - Urania Casa D&#039;Aste","isPartOf":{"@id":"https:\/\/www.uraniaaste.com\/#website"},"datePublished":"2016-09-25T09:06:57+00:00","dateModified":"2021-09-01T07:57:40+00:00","breadcrumb":{"@id":"https:\/\/www.uraniaaste.com\/fr\/vendre-et-acheter\/comment-acheter\/#breadcrumb"},"inLanguage":"fr-FR","potentialAction":[{"@type":"ReadAction","target":["https:\/\/www.uraniaaste.com\/fr\/vendre-et-acheter\/comment-acheter\/"]}]},{"@type":"BreadcrumbList","@id":"https:\/\/www.uraniaaste.com\/fr\/vendre-et-acheter\/comment-acheter\/#breadcrumb","itemListElement":[{"@type":"ListItem","position":1,"name":"Home","item":"https:\/\/www.uraniaaste.com\/fr\/"},{"@type":"ListItem","position":2,"name":"Vendre et Acheter","item":"https:\/\/www.uraniaaste.com\/fr\/vendre-et-acheter\/"},{"@type":"ListItem","position":3,"name":"Comment Acheter"}]},{"@type":"WebSite","@id":"https:\/\/www.uraniaaste.com\/#website","url":"https:\/\/www.uraniaaste.com\/","name":"Urania Casa D&#039;Aste","description":"","potentialAction":[{"@type":"SearchAction","target":{"@type":"EntryPoint","urlTemplate":"https:\/\/www.uraniaaste.com\/?s={search_term_string}"},"query-input":{"@type":"PropertyValueSpecification","valueRequired":true,"valueName":"search_term_string"}}],"inLanguage":"fr-FR"}]}},"_links":{"self":[{"href":"https:\/\/www.uraniaaste.com\/fr\/wp-json\/wp\/v2\/pages\/5698"}],"collection":[{"href":"https:\/\/www.uraniaaste.com\/fr\/wp-json\/wp\/v2\/pages"}],"about":[{"href":"https:\/\/www.uraniaaste.com\/fr\/wp-json\/wp\/v2\/types\/page"}],"author":[{"embeddable":true,"href":"https:\/\/www.uraniaaste.com\/fr\/wp-json\/wp\/v2\/users\/1"}],"replies":[{"embeddable":true,"href":"https:\/\/www.uraniaaste.com\/fr\/wp-json\/wp\/v2\/comments?post=5698"}],"version-history":[{"count":6,"href":"https:\/\/www.uraniaaste.com\/fr\/wp-json\/wp\/v2\/pages\/5698\/revisions"}],"predecessor-version":[{"id":38406,"href":"https:\/\/www.uraniaaste.com\/fr\/wp-json\/wp\/v2\/pages\/5698\/revisions\/38406"}],"up":[{"embeddable":true,"href":"https:\/\/www.uraniaaste.com\/fr\/wp-json\/wp\/v2\/pages\/5706"}],"wp:attachment":[{"href":"https:\/\/www.uraniaaste.com\/fr\/wp-json\/wp\/v2\/media?parent=5698"}],"curies":[{"name":"wp","href":"https:\/\/api.w.org\/{rel}","templated":true}]}}