
{"id":5685,"date":"2016-09-25T10:57:28","date_gmt":"2016-09-25T08:57:28","guid":{"rendered":"http:\/\/www.uraniaaste.com\/fr\/?page_id=5685"},"modified":"2016-09-25T10:58:19","modified_gmt":"2016-09-25T08:58:19","slug":"estimation","status":"publish","type":"page","link":"https:\/\/www.uraniaaste.com\/fr\/vendre-et-acheter\/estimation\/","title":{"rendered":"Estimation"},"content":{"rendered":"<p>[vc_row][vc_column][vc_column_text]Nos experts sont \u00e0 votre disposition dans nos bureaux ou directement \u00e0 votre domicile sur rendez-vous pour tout type d\u2019\u00e9valuation gratuite, afin d\u2019inclure vos objets aux ench\u00e8res.<\/p>\n<p>Il est aussi possible d\u2019envoyer une photo accompagn\u00e9e de toutes les informations utiles \u00e0 l\u2019estimation (dimensions, technique, provenance de l\u2019oeuvre et r\u00e9f\u00e9rences bibliographiques) conform\u00e9ment \u00e0 laquelle sera fournie une estimation de la valeur approximative.<\/p>\n<p>Urania Casa d\u2019Aste vous offre la possibilit\u00e9 d\u2019emmener directement vos biens pour une \u00e9valuation sur notre stand pendant les expositions sp\u00e9cialis\u00e9es de la bande dessin\u00e9e.[\/vc_column_text][\/vc_column][\/vc_row][vc_row][vc_column][vc_empty_space height=&#8221;100px&#8221;][\/vc_column][\/vc_row]<\/p>\n","protected":false},"excerpt":{"rendered":"<p>[vc_row][vc_column][vc_column_text]Nos experts sont \u00e0 votre disposition dans nos bureaux ou directement \u00e0 votre domicile sur rendez-vous pour tout type d\u2019\u00e9valuation gratuite, afin d\u2019inclure vos objets aux ench\u00e8res. Il est aussi possible d\u2019envoyer une photo accompagn\u00e9e de toutes les informations utiles \u00e0 l\u2019estimation (dimensions, technique, provenance [&hellip;]<\/p>\n","protected":false},"author":1,"featured_media":0,"parent":5706,"menu_order":0,"comment_status":"closed","ping_status":"closed","template":"","meta":{"_acf_changed":false,"footnotes":""},"class_list":["post-5685","page","type-page","status-publish","hentry"],"acf":[],"yoast_head":"<!-- This site is optimized with the Yoast SEO plugin v23.7 - https:\/\/yoast.com\/wordpress\/plugins\/seo\/ -->\n<title>Estimation - Urania Casa D&#039;Aste<\/title>\n<meta name=\"robots\" content=\"index, follow, max-snippet:-1, max-image-preview:large, max-video-preview:-1\" \/>\n<link rel=\"canonical\" href=\"https:\/\/www.uraniaaste.com\/fr\/vendre-et-acheter\/estimation\/\" \/>\n<meta property=\"og:locale\" content=\"fr_FR\" \/>\n<meta property=\"og:type\" content=\"article\" \/>\n<meta property=\"og:title\" content=\"Estimation - Urania Casa D&#039;Aste\" \/>\n<meta property=\"og:description\" content=\"[vc_row][vc_column][vc_column_text]Nos experts sont \u00e0 votre disposition dans nos bureaux ou directement \u00e0 votre domicile sur rendez-vous pour tout type d\u2019\u00e9valuation gratuite, afin d\u2019inclure vos objets aux ench\u00e8res. Il est aussi possible d\u2019envoyer une photo accompagn\u00e9e de toutes les informations utiles \u00e0 l\u2019estimation (dimensions, technique, provenance [&hellip;]\" \/>\n<meta property=\"og:url\" content=\"https:\/\/www.uraniaaste.com\/fr\/vendre-et-acheter\/estimation\/\" \/>\n<meta property=\"og:site_name\" content=\"Urania Casa D&#039;Aste\" \/>\n<meta property=\"article:modified_time\" content=\"2016-09-25T08:58:19+00:00\" \/>\n<meta name=\"twitter:card\" content=\"summary_large_image\" \/>\n<meta name=\"twitter:label1\" content=\"Est. reading time\" \/>\n\t<meta name=\"twitter:data1\" content=\"1 minute\" \/>\n<script type=\"application\/ld+json\" class=\"yoast-schema-graph\">{\"@context\":\"https:\/\/schema.org\",\"@graph\":[{\"@type\":\"WebPage\",\"@id\":\"https:\/\/www.uraniaaste.com\/fr\/vendre-et-acheter\/estimation\/\",\"url\":\"https:\/\/www.uraniaaste.com\/fr\/vendre-et-acheter\/estimation\/\",\"name\":\"Estimation - Urania Casa D&#039;Aste\",\"isPartOf\":{\"@id\":\"https:\/\/www.uraniaaste.com\/#website\"},\"datePublished\":\"2016-09-25T08:57:28+00:00\",\"dateModified\":\"2016-09-25T08:58:19+00:00\",\"breadcrumb\":{\"@id\":\"https:\/\/www.uraniaaste.com\/fr\/vendre-et-acheter\/estimation\/#breadcrumb\"},\"inLanguage\":\"fr-FR\",\"potentialAction\":[{\"@type\":\"ReadAction\",\"target\":[\"https:\/\/www.uraniaaste.com\/fr\/vendre-et-acheter\/estimation\/\"]}]},{\"@type\":\"BreadcrumbList\",\"@id\":\"https:\/\/www.uraniaaste.com\/fr\/vendre-et-acheter\/estimation\/#breadcrumb\",\"itemListElement\":[{\"@type\":\"ListItem\",\"position\":1,\"name\":\"Home\",\"item\":\"https:\/\/www.uraniaaste.com\/fr\/\"},{\"@type\":\"ListItem\",\"position\":2,\"name\":\"Vendre et Acheter\",\"item\":\"https:\/\/www.uraniaaste.com\/fr\/vendre-et-acheter\/\"},{\"@type\":\"ListItem\",\"position\":3,\"name\":\"Estimation\"}]},{\"@type\":\"WebSite\",\"@id\":\"https:\/\/www.uraniaaste.com\/#website\",\"url\":\"https:\/\/www.uraniaaste.com\/\",\"name\":\"Urania Casa D&#039;Aste\",\"description\":\"\",\"potentialAction\":[{\"@type\":\"SearchAction\",\"target\":{\"@type\":\"EntryPoint\",\"urlTemplate\":\"https:\/\/www.uraniaaste.com\/?s={search_term_string}\"},\"query-input\":{\"@type\":\"PropertyValueSpecification\",\"valueRequired\":true,\"valueName\":\"search_term_string\"}}],\"inLanguage\":\"fr-FR\"}]}<\/script>\n<!-- \/ Yoast SEO plugin. -->","yoast_head_json":{"title":"Estimation - Urania Casa D&#039;Aste","robots":{"index":"index","follow":"follow","max-snippet":"max-snippet:-1","max-image-preview":"max-image-preview:large","max-video-preview":"max-video-preview:-1"},"canonical":"https:\/\/www.uraniaaste.com\/fr\/vendre-et-acheter\/estimation\/","og_locale":"fr_FR","og_type":"article","og_title":"Estimation - Urania Casa D&#039;Aste","og_description":"[vc_row][vc_column][vc_column_text]Nos experts sont \u00e0 votre disposition dans nos bureaux ou directement \u00e0 votre domicile sur rendez-vous pour tout type d\u2019\u00e9valuation gratuite, afin d\u2019inclure vos objets aux ench\u00e8res. Il est aussi possible d\u2019envoyer une photo accompagn\u00e9e de toutes les informations utiles \u00e0 l\u2019estimation (dimensions, technique, provenance [&hellip;]","og_url":"https:\/\/www.uraniaaste.com\/fr\/vendre-et-acheter\/estimation\/","og_site_name":"Urania Casa D&#039;Aste","article_modified_time":"2016-09-25T08:58:19+00:00","twitter_card":"summary_large_image","twitter_misc":{"Est. reading time":"1 minute"},"schema":{"@context":"https:\/\/schema.org","@graph":[{"@type":"WebPage","@id":"https:\/\/www.uraniaaste.com\/fr\/vendre-et-acheter\/estimation\/","url":"https:\/\/www.uraniaaste.com\/fr\/vendre-et-acheter\/estimation\/","name":"Estimation - Urania Casa D&#039;Aste","isPartOf":{"@id":"https:\/\/www.uraniaaste.com\/#website"},"datePublished":"2016-09-25T08:57:28+00:00","dateModified":"2016-09-25T08:58:19+00:00","breadcrumb":{"@id":"https:\/\/www.uraniaaste.com\/fr\/vendre-et-acheter\/estimation\/#breadcrumb"},"inLanguage":"fr-FR","potentialAction":[{"@type":"ReadAction","target":["https:\/\/www.uraniaaste.com\/fr\/vendre-et-acheter\/estimation\/"]}]},{"@type":"BreadcrumbList","@id":"https:\/\/www.uraniaaste.com\/fr\/vendre-et-acheter\/estimation\/#breadcrumb","itemListElement":[{"@type":"ListItem","position":1,"name":"Home","item":"https:\/\/www.uraniaaste.com\/fr\/"},{"@type":"ListItem","position":2,"name":"Vendre et Acheter","item":"https:\/\/www.uraniaaste.com\/fr\/vendre-et-acheter\/"},{"@type":"ListItem","position":3,"name":"Estimation"}]},{"@type":"WebSite","@id":"https:\/\/www.uraniaaste.com\/#website","url":"https:\/\/www.uraniaaste.com\/","name":"Urania Casa D&#039;Aste","description":"","potentialAction":[{"@type":"SearchAction","target":{"@type":"EntryPoint","urlTemplate":"https:\/\/www.uraniaaste.com\/?s={search_term_string}"},"query-input":{"@type":"PropertyValueSpecification","valueRequired":true,"valueName":"search_term_string"}}],"inLanguage":"fr-FR"}]}},"_links":{"self":[{"href":"https:\/\/www.uraniaaste.com\/fr\/wp-json\/wp\/v2\/pages\/5685"}],"collection":[{"href":"https:\/\/www.uraniaaste.com\/fr\/wp-json\/wp\/v2\/pages"}],"about":[{"href":"https:\/\/www.uraniaaste.com\/fr\/wp-json\/wp\/v2\/types\/page"}],"author":[{"embeddable":true,"href":"https:\/\/www.uraniaaste.com\/fr\/wp-json\/wp\/v2\/users\/1"}],"replies":[{"embeddable":true,"href":"https:\/\/www.uraniaaste.com\/fr\/wp-json\/wp\/v2\/comments?post=5685"}],"version-history":[{"count":2,"href":"https:\/\/www.uraniaaste.com\/fr\/wp-json\/wp\/v2\/pages\/5685\/revisions"}],"predecessor-version":[{"id":5689,"href":"https:\/\/www.uraniaaste.com\/fr\/wp-json\/wp\/v2\/pages\/5685\/revisions\/5689"}],"up":[{"embeddable":true,"href":"https:\/\/www.uraniaaste.com\/fr\/wp-json\/wp\/v2\/pages\/5706"}],"wp:attachment":[{"href":"https:\/\/www.uraniaaste.com\/fr\/wp-json\/wp\/v2\/media?parent=5685"}],"curies":[{"name":"wp","href":"https:\/\/api.w.org\/{rel}","templated":true}]}}